{"id":52347,"date":"2021-03-15T14:33:24","date_gmt":"2021-03-15T13:33:24","guid":{"rendered":"https:\/\/bmxbesancon.fr\/competitors\/"},"modified":"2023-03-16T16:19:56","modified_gmt":"2023-03-16T15:19:56","slug":"competitors","status":"publish","type":"page","link":"https:\/\/bmxbesancon.fr\/en\/competitors\/","title":{"rendered":"Competitors"},"content":{"rendered":"<p>[et_pb_section fb_built=&#8221;1&#8243; next_background_color=&#8221;#ffffff&#8221; _builder_version=&#8221;4.17.3&#8243; _module_preset=&#8221;default&#8221; use_background_color_gradient=&#8221;on&#8221; background_color_gradient_stops=&#8221;rgba(0,0,0,0.27) 0%|rgba(0,0,0,0.27) 100%&#8221; background_color_gradient_start=&#8221;rgba(0,0,0,0.27)&#8221; background_color_gradient_end=&#8221;rgba(0,0,0,0.27)&#8221; background_image=&#8221;https:\/\/bmxbesancon.fr\/wp-content\/uploads\/2022\/05\/271937046_7602250676459103_2973009719074651557_n.jpg&#8221; background_blend=&#8221;multiply&#8221; custom_padding=&#8221;149px||189px||false|false&#8221; bottom_divider_style=&#8221;arrow3&#8243; hover_enabled=&#8221;0&#8243; global_colors_info=&#8221;{}&#8221; title_text=&#8221;271937046_7602250676459103_2973009719074651557_n&#8221; sticky_enabled=&#8221;0&#8243;][et_pb_row use_custom_gutter=&#8221;on&#8221; gutter_width=&#8221;2&#8243; make_equal=&#8221;on&#8221; _builder_version=&#8221;4.16&#8243; _module_preset=&#8221;default&#8221; width=&#8221;90%&#8221; width_tablet=&#8221;90%&#8221; width_phone=&#8221;90%&#8221; width_last_edited=&#8221;on|tablet&#8221; max_width=&#8221;1170px&#8221; max_width_tablet=&#8221;90%&#8221; max_width_phone=&#8221;90%&#8221; max_width_last_edited=&#8221;on|desktop&#8221; custom_padding=&#8221;0px||0px||false|false&#8221; animation_style=&#8221;bounce&#8221; animation_direction=&#8221;left&#8221; global_colors_info=&#8221;{}&#8221;][et_pb_column type=&#8221;4_4&#8243; _builder_version=&#8221;4.16&#8243; _module_preset=&#8221;default&#8221; global_colors_info=&#8221;{}&#8221;][et_pb_text _builder_version=&#8221;4.16&#8243; _module_preset=&#8221;default&#8221; header_font=&#8221;|600||on|||||&#8221; header_text_align=&#8221;left&#8221; header_text_color=&#8221;#ffffff&#8221; header_font_size=&#8221;90px&#8221; header_letter_spacing=&#8221;-6.9px&#8221; header_font_size_tablet=&#8221;100px&#8221; header_font_size_phone=&#8221;45px&#8221; header_font_size_last_edited=&#8221;on|phone&#8221; header_letter_spacing_tablet=&#8221;-5px&#8221; header_letter_spacing_phone=&#8221;0px&#8221; header_letter_spacing_last_edited=&#8221;on|phone&#8221; global_colors_info=&#8221;{}&#8221;]<\/p>\n<h1 style=\"text-align: center;\">Competitors<\/h1>\n<p>&nbsp;<\/p>\n<p>[\/et_pb_text][\/et_pb_column][\/et_pb_row][\/et_pb_section][et_pb_section fb_built=&#8221;1&#8243; _builder_version=&#8221;4.16&#8243; custom_padding=&#8221;10px|0px|50px|0px|false|false&#8221; bottom_divider_color=&#8221;#000000&#8243; locked=&#8221;off&#8221; global_colors_info=&#8221;{}&#8221;][et_pb_row _builder_version=&#8221;4.16&#8243; width_tablet=&#8221;90%&#8221; width_phone=&#8221;90%&#8221; width_last_edited=&#8221;off|tablet&#8221; max_width_tablet=&#8221;90%&#8221; max_width_phone=&#8221;90%&#8221; max_width_last_edited=&#8221;off|phone&#8221; custom_padding=&#8221;|0px|18px|0px|false|false&#8221; animation_style=&#8221;fade&#8221; global_colors_info=&#8221;{}&#8221;][et_pb_column type=&#8221;4_4&#8243; _builder_version=&#8221;4.16&#8243; custom_padding=&#8221;|||&#8221; global_colors_info=&#8221;{}&#8221; custom_padding__hover=&#8221;|||&#8221;][et_pb_text _builder_version=&#8221;4.16&#8243; header_font=&#8221;|700|||||||&#8221; header_text_align=&#8221;center&#8221; header_text_color=&#8221;#333333&#8243; header_font_size=&#8221;40px&#8221; header_line_height=&#8221;1.4em&#8221; header_2_font=&#8221;|800|||||||&#8221; header_2_text_align=&#8221;center&#8221; header_2_font_size=&#8221;40px&#8221; max_width=&#8221;700px&#8221; max_width_tablet=&#8221;87%&#8221; max_width_phone=&#8221;100%&#8221; max_width_last_edited=&#8221;on|desktop&#8221; module_alignment=&#8221;center&#8221; custom_margin=&#8221;|||&#8221; header_font_size_tablet=&#8221;&#8221; header_font_size_phone=&#8221;25px&#8221; header_font_size_last_edited=&#8221;on|desktop&#8221; global_colors_info=&#8221;{}&#8221;]<\/p>\n<h2>DES GROUPES POUR PROGRESSER<\/h2>\n<p>[\/et_pb_text][et_pb_divider color=&#8221;#4dbed3&#8243; divider_weight=&#8221;4px&#8221; _builder_version=&#8221;4.16&#8243; max_width=&#8221;33px&#8221; module_alignment=&#8221;center&#8221; custom_margin=&#8221;-25px||5px|&#8221; global_colors_info=&#8221;{}&#8221;][\/et_pb_divider][et_pb_text _builder_version=&#8221;4.16&#8243; text_font=&#8221;||||||||&#8221; text_text_color=&#8221;#666666&#8243; text_line_height=&#8221;1.8em&#8221; header_font=&#8221;||||||||&#8221; header_2_font=&#8221;||||||||&#8221; header_2_font_size=&#8221;15px&#8221; text_orientation=&#8221;center&#8221; max_width=&#8221;700px&#8221; max_width_tablet=&#8221;87%&#8221; max_width_phone=&#8221;100%&#8221; max_width_last_edited=&#8221;on|desktop&#8221; module_alignment=&#8221;center&#8221; custom_margin=&#8221;-1px||&#8221; global_colors_info=&#8221;{}&#8221;]<\/p>\n<p>Le club a mis en place des cr\u00e9neaux de niveaux pour les groupes comp\u00e9titeurs.<\/p>\n<p>Cette structuration permet \u00e0 chacun de s&#8217;\u00e9panouir et de progresser !<\/p>\n<p>[\/et_pb_text][\/et_pb_column][\/et_pb_row][et_pb_row column_structure=&#8221;1_2,1_2&#8243; use_custom_gutter=&#8221;on&#8221; gutter_width=&#8221;2&#8243; make_equal=&#8221;on&#8221; _builder_version=&#8221;4.16&#8243; width_tablet=&#8221;90%&#8221; width_phone=&#8221;90%&#8221; width_last_edited=&#8221;off|tablet&#8221; max_width_tablet=&#8221;90%&#8221; max_width_phone=&#8221;90%&#8221; max_width_last_edited=&#8221;off|phone&#8221; custom_padding=&#8221;|||||&#8221; animation_direction=&#8221;top&#8221; global_colors_info=&#8221;{}&#8221;][et_pb_column type=&#8221;1_2&#8243; _builder_version=&#8221;4.16&#8243; custom_padding=&#8221;|||&#8221; animation_style=&#8221;bounce&#8221; animation_direction=&#8221;left&#8221; global_colors_info=&#8221;{}&#8221; custom_padding__hover=&#8221;|||&#8221;][et_pb_divider show_divider=&#8221;off&#8221; _builder_version=&#8221;4.17.3&#8243; background_image=&#8221;https:\/\/bmxbesancon.fr\/wp-content\/uploads\/2022\/05\/279099116_8171946719489493_4512826949307658734_n.jpg&#8221; z_index=&#8221;1&#8243; custom_padding=&#8221;175px||175px||true&#8221; hover_enabled=&#8221;0&#8243; global_colors_info=&#8221;{}&#8221; title_text=&#8221;279099116_8171946719489493_4512826949307658734_n&#8221; sticky_enabled=&#8221;0&#8243; background_position=&#8221;top_center&#8221;][\/et_pb_divider][et_pb_text _builder_version=&#8221;4.16&#8243; text_font=&#8221;|300|||||||&#8221; text_text_color=&#8221;#ffffff&#8221; text_line_height=&#8221;1.8em&#8221; header_font=&#8221;|700|||||||&#8221; header_text_color=&#8221;#ffffff&#8221; header_font_size=&#8221;20px&#8221; header_line_height=&#8221;1.3em&#8221; header_3_font=&#8221;|700|||||||&#8221; header_3_text_color=&#8221;#ffffff&#8221; header_3_font_size=&#8221;14px&#8221; header_3_letter_spacing=&#8221;2px&#8221; background_color=&#8221;#202020&#8243; transform_translate_linked__hover=&#8221;off&#8221; z_index=&#8221;999&#8243; max_width=&#8221;411px&#8221; module_alignment=&#8221;right&#8221; custom_margin=&#8221;-97px||&#8221; custom_padding=&#8221;36px|36px|36px|36px|true|true&#8221; global_colors_info=&#8221;{}&#8221; transform_translate__hover=&#8221;0px|-20px&#8221;]<\/p>\n<h1>Courses r\u00e9gionales<\/h1>\n<p>Plusieurs comp\u00e9titions r\u00e9gionales ou inter- r\u00e9gionales ont lieu tout au long de l&#8217;ann\u00e9e. De mars \u00e0 juin, nous avons le Championnat Nord-Est, et de septembre \u00e0 octobre : le Troph\u00e9e d&#8217;automne.<\/p>\n<p>[\/et_pb_text][\/et_pb_column][et_pb_column type=&#8221;1_2&#8243; _builder_version=&#8221;4.16&#8243; custom_padding=&#8221;|||&#8221; animation_style=&#8221;bounce&#8221; animation_direction=&#8221;right&#8221; global_colors_info=&#8221;{}&#8221; custom_padding__hover=&#8221;|||&#8221;][et_pb_divider show_divider=&#8221;off&#8221; _builder_version=&#8221;4.17.3&#8243; background_image=&#8221;https:\/\/bmxbesancon.fr\/wp-content\/uploads\/2022\/05\/278913836_8171946402822858_46932935964542061_n.jpg&#8221; z_index=&#8221;1&#8243; custom_padding=&#8221;175px||175px||true&#8221; hover_enabled=&#8221;0&#8243; global_colors_info=&#8221;{}&#8221; title_text=&#8221;278913836_8171946402822858_46932935964542061_n&#8221; background_position=&#8221;top_center&#8221; sticky_enabled=&#8221;0&#8243;][\/et_pb_divider][et_pb_text _builder_version=&#8221;4.16&#8243; text_font=&#8221;|300|||||||&#8221; text_text_color=&#8221;#ffffff&#8221; text_line_height=&#8221;1.8em&#8221; header_font=&#8221;|700|||||||&#8221; header_text_color=&#8221;#ffffff&#8221; header_font_size=&#8221;20px&#8221; header_line_height=&#8221;1.3em&#8221; header_3_font=&#8221;Poppins|700|||||||&#8221; header_3_text_color=&#8221;#ffffff&#8221; header_3_font_size=&#8221;14px&#8221; header_3_letter_spacing=&#8221;2px&#8221; background_color=&#8221;#202020&#8243; transform_translate_linked__hover=&#8221;off&#8221; z_index=&#8221;999&#8243; max_width=&#8221;411px&#8221; module_alignment=&#8221;left&#8221; custom_margin=&#8221;-97px||&#8221; custom_padding=&#8221;36px|36px|36px|36px|true|true&#8221; global_colors_info=&#8221;{}&#8221; transform_translate__hover=&#8221;0px|-20px&#8221;]<\/p>\n<h1>Courses nationales<\/h1>\n<p>Les courses nationales permettent \u00e0 nos comp\u00e9titeurs r\u00e9gionaux de se qualifier pour les finales nationales, europ\u00e9ennes ou mondiales. Et pour certains : de viser la mont\u00e9e en cat\u00e9gorie nationale<\/p>\n<p>[\/et_pb_text][\/et_pb_column][\/et_pb_row][\/et_pb_section][et_pb_section fb_built=&#8221;1&#8243; _builder_version=&#8221;4.16&#8243; background_color=&#8221;#f2f2f2&#8243; custom_padding=&#8221;30px|0px|50px|0px|false|false&#8221; locked=&#8221;off&#8221; global_colors_info=&#8221;{}&#8221;][et_pb_row _builder_version=&#8221;4.16&#8243; width_tablet=&#8221;90%&#8221; width_phone=&#8221;90%&#8221; width_last_edited=&#8221;off|tablet&#8221; max_width_tablet=&#8221;90%&#8221; max_width_phone=&#8221;90%&#8221; max_width_last_edited=&#8221;off|phone&#8221; custom_padding=&#8221;|0px|18px|0px|false|false&#8221; animation_style=&#8221;fade&#8221; global_colors_info=&#8221;{}&#8221;][et_pb_column type=&#8221;4_4&#8243; _builder_version=&#8221;4.16&#8243; custom_padding=&#8221;|||&#8221; global_colors_info=&#8221;{}&#8221; custom_padding__hover=&#8221;|||&#8221;][et_pb_text _builder_version=&#8221;4.16&#8243; header_font=&#8221;|700|||||||&#8221; header_text_align=&#8221;center&#8221; header_text_color=&#8221;#333333&#8243; header_font_size=&#8221;40px&#8221; header_line_height=&#8221;1.4em&#8221; header_2_font=&#8221;|800||on|||||&#8221; header_2_text_align=&#8221;center&#8221; header_2_font_size=&#8221;39px&#8221; max_width=&#8221;700px&#8221; max_width_tablet=&#8221;87%&#8221; max_width_phone=&#8221;100%&#8221; max_width_last_edited=&#8221;on|desktop&#8221; module_alignment=&#8221;center&#8221; custom_margin=&#8221;|||&#8221; header_font_size_tablet=&#8221;&#8221; header_font_size_phone=&#8221;25px&#8221; header_font_size_last_edited=&#8221;on|desktop&#8221; global_colors_info=&#8221;{}&#8221;]<\/p>\n<h2>Riders ready&#8230; Watch the gate&#8230;.<\/h2>\n<p>[\/et_pb_text][et_pb_divider color=&#8221;#4dbed3&#8243; divider_weight=&#8221;4px&#8221; _builder_version=&#8221;4.16&#8243; max_width=&#8221;33px&#8221; module_alignment=&#8221;center&#8221; custom_margin=&#8221;-25px||5px|&#8221; global_colors_info=&#8221;{}&#8221;][\/et_pb_divider][et_pb_text _builder_version=&#8221;4.16&#8243; text_font=&#8221;||||||||&#8221; text_text_color=&#8221;#666666&#8243; text_line_height=&#8221;1.8em&#8221; header_font=&#8221;||||||||&#8221; header_2_font=&#8221;||||||||&#8221; header_2_font_size=&#8221;15px&#8221; text_orientation=&#8221;center&#8221; max_width=&#8221;700px&#8221; max_width_tablet=&#8221;87%&#8221; max_width_phone=&#8221;100%&#8221; max_width_last_edited=&#8221;on|desktop&#8221; module_alignment=&#8221;center&#8221; custom_margin=&#8221;-1px||&#8221; global_colors_info=&#8221;{}&#8221;]<\/p>\n<p>Tu as envie de d\u00e9couvrir la comp\u00e9tition et de t&#8217;engager pour une saison d&#8217;entrainements plus intensifs ? <a href=\"https:\/\/bmxbesancon.fr\/contact\/\">Contacte-nous !<\/a><\/p>\n<p>[\/et_pb_text][\/et_pb_column][\/et_pb_row][et_pb_row _builder_version=&#8221;4.16&#8243; width_tablet=&#8221;90%&#8221; width_phone=&#8221;90%&#8221; width_last_edited=&#8221;off|tablet&#8221; max_width_tablet=&#8221;90%&#8221; max_width_phone=&#8221;90%&#8221; max_width_last_edited=&#8221;off|phone&#8221; custom_padding=&#8221;|0px|18px|0px|false|false&#8221; animation_style=&#8221;fade&#8221; animation_direction=&#8221;top&#8221; global_colors_info=&#8221;{}&#8221;][et_pb_column type=&#8221;4_4&#8243; _builder_version=&#8221;4.16&#8243; custom_padding=&#8221;|||&#8221; global_colors_info=&#8221;{}&#8221; custom_padding__hover=&#8221;|||&#8221;][et_pb_gallery gallery_ids=&#8221;51029&#8243; gallery_orderby=&#8221;rand&#8221; fullwidth=&#8221;on&#8221; dbdb_version=&#8221;3.8.4&#8243; _builder_version=&#8221;4.17.3&#8243; _module_preset=&#8221;default&#8221; pagination_font=&#8221;||||||||&#8221; pagination_text_color=&#8221;#4dbed3&#8243; hover_enabled=&#8221;0&#8243; global_colors_info=&#8221;{}&#8221; sticky_enabled=&#8221;0&#8243;][\/et_pb_gallery][et_pb_gallery gallery_ids=&#8221;49765,49766,49764,49762,49754&#8243; gallery_orderby=&#8221;rand&#8221; fullwidth=&#8221;on&#8221; dbdb_version=&#8221;3.8.4&#8243; _builder_version=&#8221;4.17.3&#8243; _module_preset=&#8221;default&#8221; pagination_font=&#8221;||||||||&#8221; pagination_text_color=&#8221;#4dbed3&#8243; hover_enabled=&#8221;0&#8243; global_colors_info=&#8221;{}&#8221; sticky_enabled=&#8221;0&#8243;][\/et_pb_gallery][\/et_pb_column][\/et_pb_row][\/et_pb_section]<\/p>\n","protected":false},"excerpt":{"rendered":"<p>Competitors &nbsp;DES GROUPES POUR PROGRESSERLe club a mis en place des cr\u00e9neaux de niveaux pour les groupes comp\u00e9titeurs. Cette structuration permet \u00e0 chacun de s&#8217;\u00e9panouir et de progresser !Courses r\u00e9gionales Plusieurs comp\u00e9titions r\u00e9gionales ou inter- r\u00e9gionales ont lieu tout au long de l&#8217;ann\u00e9e. De mars \u00e0 juin, nous avons le Championnat Nord-Est, et de septembre [&hellip;]<\/p>\n","protected":false},"author":2,"featured_media":0,"parent":0,"menu_order":0,"comment_status":"closed","ping_status":"closed","template":"","meta":{"_acf_changed":false,"_et_pb_use_builder":"on","_et_pb_old_content":"","_et_gb_content_width":"","footnotes":""},"class_list":["post-52347","page","type-page","status-publish","hentry"],"acf":[],"yoast_head":"<!-- This site is optimized with the Yoast SEO plugin v27.3 - https:\/\/yoast.com\/product\/yoast-seo-wordpress\/ -->\n<title>Competitors - BMX Besan\u00e7on - La comp\u00e9tition en BMX<\/title>\n<meta name=\"description\" content=\"Apprenez-en plus sur nos groupes comp\u00e9titeurs ; objectif : plaisir, challenge, \u00e9volution, et passion avec ses amis !\" \/>\n<meta name=\"robots\" content=\"index, follow, max-snippet:-1, max-image-preview:large, max-video-preview:-1\" \/>\n<link rel=\"canonical\" href=\"https:\/\/bmxbesancon.fr\/en\/competitors\/\" \/>\n<meta property=\"og:locale\" content=\"en_US\" \/>\n<meta property=\"og:type\" content=\"article\" \/>\n<meta property=\"og:title\" content=\"Competitors - BMX Besan\u00e7on - La comp\u00e9tition en BMX\" \/>\n<meta property=\"og:description\" content=\"Apprenez-en plus sur nos groupes comp\u00e9titeurs ; objectif : plaisir, challenge, \u00e9volution, et passion avec ses amis !\" \/>\n<meta property=\"og:site_name\" content=\"BMX Besan\u00e7on\" \/>\n<meta property=\"article:modified_time\" content=\"2023-03-16T15:19:56+00:00\" \/>\n<meta name=\"twitter:card\" content=\"summary_large_image\" \/>\n<meta name=\"twitter:label1\" content=\"Est. reading time\" \/>\n\t<meta name=\"twitter:data1\" content=\"6 minutes\" \/>\n<script type=\"application\/ld+json\" class=\"yoast-schema-graph\">{\"@context\":\"https:\\\/\\\/schema.org\",\"@graph\":[{\"@type\":\"WebPage\",\"@id\":\"https:\\\/\\\/bmxbesancon.fr\\\/en\\\/competitors\\\/\",\"url\":\"https:\\\/\\\/bmxbesancon.fr\\\/en\\\/competitors\\\/\",\"name\":\"Competitors - BMX Besan\u00e7on - La comp\u00e9tition en BMX\",\"isPartOf\":{\"@id\":\"https:\\\/\\\/bmxbesancon.fr\\\/#website\"},\"datePublished\":\"2021-03-15T13:33:24+00:00\",\"dateModified\":\"2023-03-16T15:19:56+00:00\",\"description\":\"Apprenez-en plus sur nos groupes comp\u00e9titeurs ; objectif : plaisir, challenge, \u00e9volution, et passion avec ses amis !\",\"breadcrumb\":{\"@id\":\"https:\\\/\\\/bmxbesancon.fr\\\/en\\\/competitors\\\/#breadcrumb\"},\"inLanguage\":\"en-US\",\"potentialAction\":[{\"@type\":\"ReadAction\",\"target\":[\"https:\\\/\\\/bmxbesancon.fr\\\/en\\\/competitors\\\/\"]}]},{\"@type\":\"BreadcrumbList\",\"@id\":\"https:\\\/\\\/bmxbesancon.fr\\\/en\\\/competitors\\\/#breadcrumb\",\"itemListElement\":[{\"@type\":\"ListItem\",\"position\":1,\"name\":\"Accueil\",\"item\":\"https:\\\/\\\/bmxbesancon.fr\\\/en\\\/home\\\/\"},{\"@type\":\"ListItem\",\"position\":2,\"name\":\"Competitors\"}]},{\"@type\":\"WebSite\",\"@id\":\"https:\\\/\\\/bmxbesancon.fr\\\/#website\",\"url\":\"https:\\\/\\\/bmxbesancon.fr\\\/\",\"name\":\"BMX Besan\u00e7on\",\"description\":\"Rider&#039;s ready ???\",\"potentialAction\":[{\"@type\":\"SearchAction\",\"target\":{\"@type\":\"EntryPoint\",\"urlTemplate\":\"https:\\\/\\\/bmxbesancon.fr\\\/?s={search_term_string}\"},\"query-input\":{\"@type\":\"PropertyValueSpecification\",\"valueRequired\":true,\"valueName\":\"search_term_string\"}}],\"inLanguage\":\"en-US\"}]}<\/script>\n<!-- \/ Yoast SEO plugin. -->","yoast_head_json":{"title":"Competitors - BMX Besan\u00e7on - La comp\u00e9tition en BMX","description":"Apprenez-en plus sur nos groupes comp\u00e9titeurs ; objectif : plaisir, challenge, \u00e9volution, et passion avec ses amis !","robots":{"index":"index","follow":"follow","max-snippet":"max-snippet:-1","max-image-preview":"max-image-preview:large","max-video-preview":"max-video-preview:-1"},"canonical":"https:\/\/bmxbesancon.fr\/en\/competitors\/","og_locale":"en_US","og_type":"article","og_title":"Competitors - BMX Besan\u00e7on - La comp\u00e9tition en BMX","og_description":"Apprenez-en plus sur nos groupes comp\u00e9titeurs ; objectif : plaisir, challenge, \u00e9volution, et passion avec ses amis !","og_site_name":"BMX Besan\u00e7on","article_modified_time":"2023-03-16T15:19:56+00:00","twitter_card":"summary_large_image","twitter_misc":{"Est. reading time":"6 minutes"},"schema":{"@context":"https:\/\/schema.org","@graph":[{"@type":"WebPage","@id":"https:\/\/bmxbesancon.fr\/en\/competitors\/","url":"https:\/\/bmxbesancon.fr\/en\/competitors\/","name":"Competitors - BMX Besan\u00e7on - La comp\u00e9tition en BMX","isPartOf":{"@id":"https:\/\/bmxbesancon.fr\/#website"},"datePublished":"2021-03-15T13:33:24+00:00","dateModified":"2023-03-16T15:19:56+00:00","description":"Apprenez-en plus sur nos groupes comp\u00e9titeurs ; objectif : plaisir, challenge, \u00e9volution, et passion avec ses amis !","breadcrumb":{"@id":"https:\/\/bmxbesancon.fr\/en\/competitors\/#breadcrumb"},"inLanguage":"en-US","potentialAction":[{"@type":"ReadAction","target":["https:\/\/bmxbesancon.fr\/en\/competitors\/"]}]},{"@type":"BreadcrumbList","@id":"https:\/\/bmxbesancon.fr\/en\/competitors\/#breadcrumb","itemListElement":[{"@type":"ListItem","position":1,"name":"Accueil","item":"https:\/\/bmxbesancon.fr\/en\/home\/"},{"@type":"ListItem","position":2,"name":"Competitors"}]},{"@type":"WebSite","@id":"https:\/\/bmxbesancon.fr\/#website","url":"https:\/\/bmxbesancon.fr\/","name":"BMX Besan\u00e7on","description":"Rider&#039;s ready ???","potentialAction":[{"@type":"SearchAction","target":{"@type":"EntryPoint","urlTemplate":"https:\/\/bmxbesancon.fr\/?s={search_term_string}"},"query-input":{"@type":"PropertyValueSpecification","valueRequired":true,"valueName":"search_term_string"}}],"inLanguage":"en-US"}]}},"jetpack_sharing_enabled":true,"_links":{"self":[{"href":"https:\/\/bmxbesancon.fr\/en\/wp-json\/wp\/v2\/pages\/52347","targetHints":{"allow":["GET"]}}],"collection":[{"href":"https:\/\/bmxbesancon.fr\/en\/wp-json\/wp\/v2\/pages"}],"about":[{"href":"https:\/\/bmxbesancon.fr\/en\/wp-json\/wp\/v2\/types\/page"}],"author":[{"embeddable":true,"href":"https:\/\/bmxbesancon.fr\/en\/wp-json\/wp\/v2\/users\/2"}],"replies":[{"embeddable":true,"href":"https:\/\/bmxbesancon.fr\/en\/wp-json\/wp\/v2\/comments?post=52347"}],"version-history":[{"count":2,"href":"https:\/\/bmxbesancon.fr\/en\/wp-json\/wp\/v2\/pages\/52347\/revisions"}],"predecessor-version":[{"id":52349,"href":"https:\/\/bmxbesancon.fr\/en\/wp-json\/wp\/v2\/pages\/52347\/revisions\/52349"}],"wp:attachment":[{"href":"https:\/\/bmxbesancon.fr\/en\/wp-json\/wp\/v2\/media?parent=52347"}],"curies":[{"name":"wp","href":"https:\/\/api.w.org\/{rel}","templated":true}]}}